{"id":3990,"date":"2025-05-29T03:12:28","date_gmt":"2025-05-29T03:12:28","guid":{"rendered":"https:\/\/tv.narrati.me\/home\/?page_id=3990"},"modified":"2025-05-29T03:15:02","modified_gmt":"2025-05-29T03:15:02","slug":"narratime-music-r-q-a","status":"publish","type":"page","link":"https:\/\/tv.narrati.me\/home\/narratime-music-r-q-a\/","title":{"rendered":"Narratime Group Radio &#8211; Narratime Music Radio Q&#038;A"},"content":{"rendered":"\t\t<div data-elementor-type=\"wp-page\" data-elementor-id=\"3990\" class=\"elementor elementor-3990\">\n\t\t\t\t\t\t<section class=\"elementor-section elementor-top-section elementor-element elementor-element-749be77 elementor-section-boxed elementor-section-height-default elementor-section-height-default\" data-id=\"749be77\" data-element_type=\"section\" data-e-type=\"section\">\n\t\t\t\t\t\t<div class=\"elementor-container elementor-column-gap-default\">\n\t\t\t\t\t<div class=\"elementor-column elementor-col-100 elementor-top-column elementor-element elementor-element-dc4ea19\" data-id=\"dc4ea19\" data-element_type=\"column\" data-e-type=\"column\">\n\t\t\t<div class=\"elementor-widget-wrap elementor-element-populated\">\n\t\t\t\t\t\t<div class=\"elementor-element elementor-element-1bb9949 elementor-widget elementor-widget-spacer\" data-id=\"1bb9949\" data-element_type=\"widget\" data-e-type=\"widget\" data-widget_type=\"spacer.default\">\n\t\t\t\t<div class=\"elementor-widget-container\">\n\t\t\t\t\t\t\t<div class=\"elementor-spacer\">\n\t\t\t<div class=\"elementor-spacer-inner\"><\/div>\n\t\t<\/div>\n\t\t\t\t\t\t<\/div>\n\t\t\t\t<\/div>\n\t\t\t\t\t<\/div>\n\t\t<\/div>\n\t\t\t\t\t<\/div>\n\t\t<\/section>\n\t\t\t\t<section class=\"elementor-section elementor-top-section elementor-element elementor-element-fb7a2a5 elementor-section-boxed elementor-section-height-default elementor-section-height-default\" data-id=\"fb7a2a5\" data-element_type=\"section\" data-e-type=\"section\">\n\t\t\t\t\t\t<div class=\"elementor-container elementor-column-gap-default\">\n\t\t\t\t\t<div class=\"elementor-column elementor-col-50 elementor-top-column elementor-element elementor-element-9b50718\" data-id=\"9b50718\" data-element_type=\"column\" data-e-type=\"column\">\n\t\t\t<div class=\"elementor-widget-wrap elementor-element-populated\">\n\t\t\t\t\t\t<div class=\"elementor-element elementor-element-78ca58d elementor-widget elementor-widget-image\" data-id=\"78ca58d\" data-element_type=\"widget\" data-e-type=\"widget\" data-widget_type=\"image.default\">\n\t\t\t\t<div class=\"elementor-widget-container\">\n\t\t\t\t\t\t\t\t\t\t\t\t\t\t\t<img fetchpriority=\"high\" decoding=\"async\" width=\"1024\" height=\"1024\" src=\"https:\/\/tv.narrati.me\/wp-content\/uploads\/2025\/05\/radio-qa-concept-1024x1024.jpg\" class=\"attachment-large size-large wp-image-3986\" alt=\"\" srcset=\"https:\/\/tv.narrati.me\/wp-content\/uploads\/2025\/05\/radio-qa-concept-1024x1024.jpg 1024w, https:\/\/tv.narrati.me\/wp-content\/uploads\/2025\/05\/radio-qa-concept-300x300.jpg 300w, https:\/\/tv.narrati.me\/wp-content\/uploads\/2025\/05\/radio-qa-concept-150x150.jpg 150w, https:\/\/tv.narrati.me\/wp-content\/uploads\/2025\/05\/radio-qa-concept-768x768.jpg 768w, https:\/\/tv.narrati.me\/wp-content\/uploads\/2025\/05\/radio-qa-concept.jpg 1080w\" sizes=\"(max-width: 1024px) 100vw, 1024px\" \/>\t\t\t\t\t\t\t\t\t\t\t\t\t\t\t<\/div>\n\t\t\t\t<\/div>\n\t\t\t\t\t<\/div>\n\t\t<\/div>\n\t\t\t\t<div class=\"elementor-column elementor-col-50 elementor-top-column elementor-element elementor-element-3eef3c2\" data-id=\"3eef3c2\" data-element_type=\"column\" data-e-type=\"column\">\n\t\t\t<div class=\"elementor-widget-wrap elementor-element-populated\">\n\t\t\t\t\t\t<div class=\"elementor-element elementor-element-a686bec elementor-widget elementor-widget-text-editor\" data-id=\"a686bec\" data-element_type=\"widget\" data-e-type=\"widget\" data-widget_type=\"text-editor.default\">\n\t\t\t\t<div class=\"elementor-widget-container\">\n\t\t\t\t\t\t\t\t\t<p><span style=\"color: #ffffff;\">Programa de radio presentado por Mia Slorah desde Sidney, Australia, para presentar a la generaci\u00f3n de nuevos artistas que hace posible Narratime Music a trav\u00e9s de breves entrevistas con una duraci\u00f3n aproximada de 3 minutos.\u00a0<\/span><\/p><p><span style=\"color: #ffffff;\">Esta serie de cortos radiales comenz\u00f3 su producci\u00f3n en 2025 con el objetivo de dar a conocer a los artistas encargados de dar vida a las distintas propuestas del conglomerado musical no copyright.<\/span><\/p><p><span style=\"background-color: var(--ast-global-color-8); color: #ffffff; font-family: var( --e-global-typography-text-font-family ), Sans-serif; font-style: inherit; font-weight: inherit;\">Audio original en ingl\u00e9s.\u00a0<\/span><\/p>\t\t\t\t\t\t\t\t<\/div>\n\t\t\t\t<\/div>\n\t\t\t\t\t<\/div>\n\t\t<\/div>\n\t\t\t\t\t<\/div>\n\t\t<\/section>\n\t\t\t\t<section class=\"elementor-section elementor-top-section elementor-element elementor-element-0be759e elementor-section-boxed elementor-section-height-default elementor-section-height-default\" data-id=\"0be759e\" data-element_type=\"section\" data-e-type=\"section\">\n\t\t\t\t\t\t<div class=\"elementor-container elementor-column-gap-default\">\n\t\t\t\t\t<div class=\"elementor-column elementor-col-100 elementor-top-column elementor-element elementor-element-b59c3a6\" data-id=\"b59c3a6\" data-element_type=\"column\" data-e-type=\"column\">\n\t\t\t<div class=\"elementor-widget-wrap elementor-element-populated\">\n\t\t\t\t\t\t<div class=\"elementor-element elementor-element-72823b9 elementor-widget elementor-widget-spacer\" data-id=\"72823b9\" data-element_type=\"widget\" data-e-type=\"widget\" data-widget_type=\"spacer.default\">\n\t\t\t\t<div class=\"elementor-widget-container\">\n\t\t\t\t\t\t\t<div class=\"elementor-spacer\">\n\t\t\t<div class=\"elementor-spacer-inner\"><\/div>\n\t\t<\/div>\n\t\t\t\t\t\t<\/div>\n\t\t\t\t<\/div>\n\t\t\t\t\t<\/div>\n\t\t<\/div>\n\t\t\t\t\t<\/div>\n\t\t<\/section>\n\t\t\t\t<section class=\"elementor-section elementor-top-section elementor-element elementor-element-247f0d3c elementor-section-boxed elementor-section-height-default elementor-section-height-default\" data-id=\"247f0d3c\" data-element_type=\"section\" data-e-type=\"section\">\n\t\t\t\t\t\t<div class=\"elementor-container elementor-column-gap-default\">\n\t\t\t\t\t<div class=\"elementor-column elementor-col-100 elementor-top-column elementor-element elementor-element-5b6174b4\" data-id=\"5b6174b4\" data-element_type=\"column\" data-e-type=\"column\">\n\t\t\t<div class=\"elementor-widget-wrap elementor-element-populated\">\n\t\t\t\t\t\t<div class=\"elementor-element elementor-element-7958d45a elementor-widget elementor-widget-heading\" data-id=\"7958d45a\" data-element_type=\"widget\" data-e-type=\"widget\" data-widget_type=\"heading.default\">\n\t\t\t\t<div class=\"elementor-widget-container\">\n\t\t\t\t\t<h3 class=\"elementor-heading-title elementor-size-default\">Episodios<\/h3>\t\t\t\t<\/div>\n\t\t\t\t<\/div>\n\t\t\t\t\t<\/div>\n\t\t<\/div>\n\t\t\t\t\t<\/div>\n\t\t<\/section>\n\t\t\t\t<section class=\"elementor-section elementor-top-section elementor-element elementor-element-d827f78 elementor-section-boxed elementor-section-height-default elementor-section-height-default\" data-id=\"d827f78\" data-element_type=\"section\" data-e-type=\"section\">\n\t\t\t\t\t\t<div class=\"elementor-container elementor-column-gap-default\">\n\t\t\t\t\t<div class=\"elementor-column elementor-col-100 elementor-top-column elementor-element elementor-element-1285627\" data-id=\"1285627\" data-element_type=\"column\" data-e-type=\"column\">\n\t\t\t<div class=\"elementor-widget-wrap elementor-element-populated\">\n\t\t\t\t\t\t<div class=\"elementor-element elementor-element-6ba59d4 elementor-widget elementor-widget-spacer\" data-id=\"6ba59d4\" data-element_type=\"widget\" data-e-type=\"widget\" data-widget_type=\"spacer.default\">\n\t\t\t\t<div class=\"elementor-widget-container\">\n\t\t\t\t\t\t\t<div class=\"elementor-spacer\">\n\t\t\t<div class=\"elementor-spacer-inner\"><\/div>\n\t\t<\/div>\n\t\t\t\t\t\t<\/div>\n\t\t\t\t<\/div>\n\t\t\t\t\t<\/div>\n\t\t<\/div>\n\t\t\t\t\t<\/div>\n\t\t<\/section>\n\t\t\t\t<section class=\"elementor-section elementor-top-section elementor-element elementor-element-6f51128d elementor-section-boxed elementor-section-height-default elementor-section-height-default\" data-id=\"6f51128d\" data-element_type=\"section\" data-e-type=\"section\">\n\t\t\t\t\t\t<div class=\"elementor-container elementor-column-gap-default\">\n\t\t\t\t\t<div class=\"elementor-column elementor-col-100 elementor-top-column elementor-element elementor-element-6e12bdec\" data-id=\"6e12bdec\" data-element_type=\"column\" data-e-type=\"column\">\n\t\t\t<div class=\"elementor-widget-wrap elementor-element-populated\">\n\t\t\t\t\t\t<div class=\"elementor-element elementor-element-35d9d058 elementor-align-start elementor-list-item-link-full_width elementor-widget elementor-widget-icon-list\" data-id=\"35d9d058\" data-element_type=\"widget\" data-e-type=\"widget\" data-widget_type=\"icon-list.default\">\n\t\t\t\t<div class=\"elementor-widget-container\">\n\t\t\t\t\t\t\t<ul class=\"elementor-icon-list-items\">\n\t\t\t\t\t\t\t<li class=\"elementor-icon-list-item\">\n\t\t\t\t\t\t\t\t\t\t\t<a href=\"https:\/\/youtu.be\/JANTGJ0e6mk\" target=\"_blank\">\n\n\t\t\t\t\t\t\t\t\t\t\t\t<span class=\"elementor-icon-list-icon\">\n\t\t\t\t\t\t\t<i aria-hidden=\"true\" class=\"fas fa-music\"><\/i>\t\t\t\t\t\t<\/span>\n\t\t\t\t\t\t\t\t\t\t<span class=\"elementor-icon-list-text\">Narratime Music Radio Q&amp;A - Episode 1 - Work4Time<\/span>\n\t\t\t\t\t\t\t\t\t\t\t<\/a>\n\t\t\t\t\t\t\t\t\t<\/li>\n\t\t\t\t\t\t\t\t<li class=\"elementor-icon-list-item\">\n\t\t\t\t\t\t\t\t\t\t\t<a href=\"https:\/\/youtu.be\/EdRb8d6MN0E\" target=\"_blank\">\n\n\t\t\t\t\t\t\t\t\t\t\t\t<span class=\"elementor-icon-list-icon\">\n\t\t\t\t\t\t\t<i aria-hidden=\"true\" class=\"fas fa-music\"><\/i>\t\t\t\t\t\t<\/span>\n\t\t\t\t\t\t\t\t\t\t<span class=\"elementor-icon-list-text\">Narratime Music Radio Q&amp;A - Episode 2 - Mia Slorah<\/span>\n\t\t\t\t\t\t\t\t\t\t\t<\/a>\n\t\t\t\t\t\t\t\t\t<\/li>\n\t\t\t\t\t\t<\/ul>\n\t\t\t\t\t\t<\/div>\n\t\t\t\t<\/div>\n\t\t\t\t\t<\/div>\n\t\t<\/div>\n\t\t\t\t\t<\/div>\n\t\t<\/section>\n\t\t\t\t<section class=\"elementor-section elementor-top-section elementor-element elementor-element-9d9c2aa elementor-section-boxed elementor-section-height-default elementor-section-height-default\" data-id=\"9d9c2aa\" data-element_type=\"section\" data-e-type=\"section\">\n\t\t\t\t\t\t<div class=\"elementor-container elementor-column-gap-default\">\n\t\t\t\t\t<div class=\"elementor-column elementor-col-100 elementor-top-column elementor-element elementor-element-6d05cc4\" data-id=\"6d05cc4\" data-element_type=\"column\" data-e-type=\"column\">\n\t\t\t<div class=\"elementor-widget-wrap elementor-element-populated\">\n\t\t\t\t\t\t<div class=\"elementor-element elementor-element-16375fc elementor-widget elementor-widget-spacer\" data-id=\"16375fc\" data-element_type=\"widget\" data-e-type=\"widget\" data-widget_type=\"spacer.default\">\n\t\t\t\t<div class=\"elementor-widget-container\">\n\t\t\t\t\t\t\t<div class=\"elementor-spacer\">\n\t\t\t<div class=\"elementor-spacer-inner\"><\/div>\n\t\t<\/div>\n\t\t\t\t\t\t<\/div>\n\t\t\t\t<\/div>\n\t\t\t\t\t<\/div>\n\t\t<\/div>\n\t\t\t\t\t<\/div>\n\t\t<\/section>\n\t\t\t\t<section class=\"elementor-section elementor-top-section elementor-element elementor-element-e0bb200 elementor-section-boxed elementor-section-height-default elementor-section-height-default\" data-id=\"e0bb200\" data-element_type=\"section\" data-e-type=\"section\">\n\t\t\t\t\t\t<div class=\"elementor-container elementor-column-gap-default\">\n\t\t\t\t\t<div class=\"elementor-column elementor-col-100 elementor-top-column elementor-element elementor-element-e507451\" data-id=\"e507451\" data-element_type=\"column\" data-e-type=\"column\">\n\t\t\t<div class=\"elementor-widget-wrap elementor-element-populated\">\n\t\t\t\t\t\t<div class=\"elementor-element elementor-element-9a2e473 elementor-widget elementor-widget-spacer\" data-id=\"9a2e473\" data-element_type=\"widget\" data-e-type=\"widget\" data-widget_type=\"spacer.default\">\n\t\t\t\t<div class=\"elementor-widget-container\">\n\t\t\t\t\t\t\t<div class=\"elementor-spacer\">\n\t\t\t<div class=\"elementor-spacer-inner\"><\/div>\n\t\t<\/div>\n\t\t\t\t\t\t<\/div>\n\t\t\t\t<\/div>\n\t\t\t\t\t<\/div>\n\t\t<\/div>\n\t\t\t\t\t<\/div>\n\t\t<\/section>\n\t\t\t\t<section class=\"elementor-section elementor-top-section elementor-element elementor-element-215867e elementor-section-boxed elementor-section-height-default elementor-section-height-default\" data-id=\"215867e\" data-element_type=\"section\" data-e-type=\"section\">\n\t\t\t\t\t\t<div class=\"elementor-container elementor-column-gap-default\">\n\t\t\t\t\t<div class=\"elementor-column elementor-col-100 elementor-top-column elementor-element elementor-element-33eeafc\" data-id=\"33eeafc\" data-element_type=\"column\" data-e-type=\"column\">\n\t\t\t<div class=\"elementor-widget-wrap elementor-element-populated\">\n\t\t\t\t\t\t<div class=\"elementor-element elementor-element-f60481c elementor-widget elementor-widget-ucaddon_ue_scroll_to_top\" data-id=\"f60481c\" data-element_type=\"widget\" data-e-type=\"widget\" data-widget_type=\"ucaddon_ue_scroll_to_top.default\">\n\t\t\t\t<div class=\"elementor-widget-container\">\n\t\t\t\t\t\n<!-- start Scroll To Top -->\n<style>\/* widget: Scroll To Top *\/\n\n#uc_ue_scroll_to_top_elementor_f60481c.ue-scroll-to {\n    display:none;\n   z-index: 9999;\n  \n}\n#uc_ue_scroll_to_top_elementor_f60481c .ue-scroll-to-cta {\n  cursor: pointer;\n  display: flex;\n  position: relative;\n  transition: all 400ms ease-in-out;\n  align-content:center;\n  justify-content:center;\n  flex-direction:column;\n  text-align:center;\n}\n#uc_ue_scroll_to_top_elementor_f60481c .ue-scroll-to-cta .ue-scroll-to-icon {\n  line-height:1em;\n  margin:0 auto;\n}\n\n#uc_ue_scroll_to_top_elementor_f60481c .ue-scroll-to-cta .ue-scroll-to-icon svg {\n  height:1em; \n  width:1em; \n}\n\n.ue-scroll-to-cta \n#uc_ue_scroll_to_top_elementor_f60481c .ue-scroll-to-icon {\n  position: relative;\n}\n\n#uc_ue_scroll_to_top_elementor_f60481c .ue-scroll-to-icon:hover {\n  cursor: pointer;\n}\n.ue-snap-v-middle{\n  top:50%;\n}\n.ue-scroll-to-text\n{\n  font-size:10px;\n}\n\n\n\n\n\n\t\n\t\t\n\t\n\t\n\t\n\t\n\t\n\t\n\n<\/style>\n\n<div id=\"uc_ue_scroll_to_top_elementor_f60481c\" class=\"ue-scroll-to ue-snap-v-bottom ue-snap-h-right\">\n      <div class=\"ue-scroll-to-cta none\">\n          <div class=\"ue-scroll-to-icon\"><i class='fas fa-arrow-up'><\/i><\/div>\n          \t\n      <\/div>\n<\/div>\n<!-- end Scroll To Top -->\t\t\t\t<\/div>\n\t\t\t\t<\/div>\n\t\t\t\t\t<\/div>\n\t\t<\/div>\n\t\t\t\t\t<\/div>\n\t\t<\/section>\n\t\t\t\t<section class=\"elementor-section elementor-top-section elementor-element elementor-element-542e63e elementor-section-boxed elementor-section-height-default elementor-section-height-default\" data-id=\"542e63e\" data-element_type=\"section\" data-e-type=\"section\">\n\t\t\t\t\t\t<div class=\"elementor-container elementor-column-gap-default\">\n\t\t\t\t\t<div class=\"elementor-column elementor-col-100 elementor-top-column elementor-element elementor-element-a15c415\" data-id=\"a15c415\" data-element_type=\"column\" data-e-type=\"column\">\n\t\t\t<div class=\"elementor-widget-wrap elementor-element-populated\">\n\t\t\t\t\t\t<div class=\"elementor-element elementor-element-59988d5 elementor-widget elementor-widget-spacer\" data-id=\"59988d5\" data-element_type=\"widget\" data-e-type=\"widget\" data-widget_type=\"spacer.default\">\n\t\t\t\t<div class=\"elementor-widget-container\">\n\t\t\t\t\t\t\t<div class=\"elementor-spacer\">\n\t\t\t<div class=\"elementor-spacer-inner\"><\/div>\n\t\t<\/div>\n\t\t\t\t\t\t<\/div>\n\t\t\t\t<\/div>\n\t\t\t\t\t<\/div>\n\t\t<\/div>\n\t\t\t\t\t<\/div>\n\t\t<\/section>\n\t\t\t\t<\/div>\n\t\t","protected":false},"excerpt":{"rendered":"<p>Programa de radio presentado por Mia Slorah desde Sidney, Australia, para presentar a la generaci\u00f3n de nuevos artistas que hace posible Narratime Music a trav\u00e9s de breves entrevistas con una duraci\u00f3n aproximada de 3 minutos.\u00a0 Esta serie de cortos radiales comenz\u00f3 su producci\u00f3n en 2025 con el objetivo de dar a conocer a los artistas [&hellip;]<\/p>\n","protected":false},"author":1,"featured_media":0,"parent":0,"menu_order":0,"comment_status":"closed","ping_status":"closed","template":"","meta":{"site-sidebar-layout":"no-sidebar","site-content-layout":"page-builder","ast-site-content-layout":"default","site-content-style":"default","site-sidebar-style":"default","ast-global-header-display":"","ast-banner-title-visibility":"","ast-main-header-display":"","ast-hfb-above-header-display":"","ast-hfb-below-header-display":"","ast-hfb-mobile-header-display":"","site-post-title":"disabled","ast-breadcrumbs-content":"","ast-featured-img":"disabled","footer-sml-layout":"","ast-disable-related-posts":"","theme-transparent-header-meta":"","adv-header-id-meta":"","stick-header-meta":"","header-above-stick-meta":"","header-main-stick-meta":"","header-below-stick-meta":"","astra-migrate-meta-layouts":"default","ast-page-background-enabled":"default","ast-page-background-meta":{"desktop":{"background-color":"var(--ast-global-color-4)","background-image":"","background-repeat":"repeat","background-position":"center center","background-size":"auto","background-attachment":"scroll","background-type":"","background-media":"","overlay-type":"","overlay-color":"","overlay-opacity":"","overlay-gradient":""},"tablet":{"background-color":"","background-image":"","background-repeat":"repeat","background-position":"center center","background-size":"auto","background-attachment":"scroll","background-type":"","background-media":"","overlay-type":"","overlay-color":"","overlay-opacity":"","overlay-gradient":""},"mobile":{"background-color":"","background-image":"","background-repeat":"repeat","background-position":"center center","background-size":"auto","background-attachment":"scroll","background-type":"","background-media":"","overlay-type":"","overlay-color":"","overlay-opacity":"","overlay-gradient":""}},"ast-content-background-meta":{"desktop":{"background-color":"var(--ast-global-color-5)","background-image":"","background-repeat":"repeat","background-position":"center center","background-size":"auto","background-attachment":"scroll","background-type":"","background-media":"","overlay-type":"","overlay-color":"","overlay-opacity":"","overlay-gradient":""},"tablet":{"background-color":"var(--ast-global-color-5)","background-image":"","background-repeat":"repeat","background-position":"center center","background-size":"auto","background-attachment":"scroll","background-type":"","background-media":"","overlay-type":"","overlay-color":"","overlay-opacity":"","overlay-gradient":""},"mobile":{"background-color":"var(--ast-global-color-5)","background-image":"","background-repeat":"repeat","background-position":"center center","background-size":"auto","background-attachment":"scroll","background-type":"","background-media":"","overlay-type":"","overlay-color":"","overlay-opacity":"","overlay-gradient":""}},"footnotes":""},"class_list":["post-3990","page","type-page","status-publish","hentry"],"_links":{"self":[{"href":"https:\/\/tv.narrati.me\/home\/wp-json\/wp\/v2\/pages\/3990","targetHints":{"allow":["GET"]}}],"collection":[{"href":"https:\/\/tv.narrati.me\/home\/wp-json\/wp\/v2\/pages"}],"about":[{"href":"https:\/\/tv.narrati.me\/home\/wp-json\/wp\/v2\/types\/page"}],"author":[{"embeddable":true,"href":"https:\/\/tv.narrati.me\/home\/wp-json\/wp\/v2\/users\/1"}],"replies":[{"embeddable":true,"href":"https:\/\/tv.narrati.me\/home\/wp-json\/wp\/v2\/comments?post=3990"}],"version-history":[{"count":4,"href":"https:\/\/tv.narrati.me\/home\/wp-json\/wp\/v2\/pages\/3990\/revisions"}],"predecessor-version":[{"id":3994,"href":"https:\/\/tv.narrati.me\/home\/wp-json\/wp\/v2\/pages\/3990\/revisions\/3994"}],"wp:attachment":[{"href":"https:\/\/tv.narrati.me\/home\/wp-json\/wp\/v2\/media?parent=3990"}],"curies":[{"name":"wp","href":"https:\/\/api.w.org\/{rel}","templated":true}]}}